{"id":6297,"date":"2021-02-25T11:24:59","date_gmt":"2021-02-25T10:24:59","guid":{"rendered":"http:\/\/lafermeallantvert.fr\/?page_id=6297"},"modified":"2022-04-05T09:41:29","modified_gmt":"2022-04-05T07:41:29","slug":"livraison-chronofresh","status":"publish","type":"page","link":"https:\/\/lafermeallantvert.fr\/?page_id=6297","title":{"rendered":"Livraisons Chronofresh"},"content":{"rendered":"<div class=\"wpb_text_column wpb_content_element \">\n<div class=\"wpb_wrapper\">\n<h3 style=\"text-align: center;\">Des livraisons s\u00e9curis\u00e9es pour vos produits gr\u00e2ce \u00e0 notre partenaire Chronofresh.<\/h3>\n<\/div>\n<\/div>\n<blockquote>\n<div class=\"wpb_text_column wpb_content_element \">\n<div class=\"wpb_wrapper\">\n<p>Chronofresh de Chronopost est une offre de transport express sous temp\u00e9rature dirig\u00e9e (entre 0 et 4\u00b0C et -18\u00b0C) pour les produits alimentaires frais. La livraison s\u2019effectue <strong>le lendemain ou le surlendemain<\/strong> avant 13h00 \u00e0 destination des professionnels comme des particuliers et ce partout en France du lundi au samedi inclus.<\/p>\n<p>Chronofresh assure le suivi du colis et de sa temp\u00e9rature de transport dans le strict respect de la cha\u00eene du froid, garantissant un maximum de fra\u00eecheur et une exp\u00e9rience client nouvelle.<\/p>\n<p>Et pour les particuliers, Chronofresh propose Predict\u2122, qui les avertit en amont de la date et du cr\u00e9neau horaire de livraison et leur permet de <strong>reprogrammer leur livraison<\/strong> si n\u00e9cessaire.<\/p>\n<p>Pour plus d\u2019information, <a href=\"https:\/\/www.chronopost.fr\/fr\/chronopostfood\" target=\"_blank\" rel=\"noopener\">cliquez ici.<\/a><\/p>\n<\/div>\n<\/div>\n<\/blockquote>\n<p><iframe title=\"D\u00e9couvrez ChronoFresh !\" width=\"900\" height=\"506\" src=\"https:\/\/www.youtube.com\/embed\/zpPlo5Fo6Mc?start=1&#038;feature=oembed\" frameborder=\"0\" allow=\"accelerometer; autoplay; clipboard-write; encrypted-media; gyroscope; picture-in-picture; web-share\" referrerpolicy=\"strict-origin-when-cross-origin\" allowfullscreen><\/iframe><\/p><h1 class=\"has-text-align-center wp-block-heading\">Tarifs livraison Chronofresh<\/h1><div class=\"wp-block-columns is-layout-flex wp-container-core-columns-is-layout-1 wp-block-columns-is-layout-flex\"><div class=\"wp-block-column is-layout-flow wp-block-column-is-layout-flow\"><figure class=\"wp-block-image size-full\"><img fetchpriority=\"high\" decoding=\"async\" width=\"370\" height=\"677\" src=\"https:\/\/lafermeallantvert.fr\/wp-content\/uploads\/2022\/04\/Prix-chronofresh.png\" alt=\"\" class=\"wp-image-10710\" srcset=\"https:\/\/lafermeallantvert.fr\/wp-content\/uploads\/2022\/04\/Prix-chronofresh.png 370w, https:\/\/lafermeallantvert.fr\/wp-content\/uploads\/2022\/04\/Prix-chronofresh-164x300.png 164w\" sizes=\"(max-width: 370px) 100vw, 370px\" \/><\/figure><\/div>\n\n<div class=\"wp-block-column is-layout-flow wp-block-column-is-layout-flow\"><figure class=\"wp-block-image size-full\"><img decoding=\"async\" width=\"373\" height=\"629\" src=\"https:\/\/lafermeallantvert.fr\/wp-content\/uploads\/2022\/04\/2.png\" alt=\"\" class=\"wp-image-10711\" srcset=\"https:\/\/lafermeallantvert.fr\/wp-content\/uploads\/2022\/04\/2.png 373w, https:\/\/lafermeallantvert.fr\/wp-content\/uploads\/2022\/04\/2-178x300.png 178w\" sizes=\"(max-width: 373px) 100vw, 373px\" \/><\/figure><\/div>\n\n<div class=\"wp-block-column is-layout-flow wp-block-column-is-layout-flow\"><figure class=\"wp-block-image size-full\"><img decoding=\"async\" width=\"368\" height=\"573\" src=\"https:\/\/lafermeallantvert.fr\/wp-content\/uploads\/2022\/04\/3.png\" alt=\"\" class=\"wp-image-10712\" srcset=\"https:\/\/lafermeallantvert.fr\/wp-content\/uploads\/2022\/04\/3.png 368w, https:\/\/lafermeallantvert.fr\/wp-content\/uploads\/2022\/04\/3-193x300.png 193w\" sizes=\"(max-width: 368px) 100vw, 368px\" \/><\/figure><\/div><\/div>","protected":false},"excerpt":{"rendered":"<p>Des livraisons s\u00e9curis\u00e9es pour vos produits gr\u00e2ce \u00e0 notre partenaire Chronofresh. Chronofresh de Chronopost est une offre de transport express sous temp\u00e9rature dirig\u00e9e (entre 0 et 4\u00b0C et -18\u00b0C) pour les produits alimentaires frais. La livraison s\u2019effectue le lendemain ou le surlendemain avant 13h00 \u00e0 destination des professionnels comme des particuliers et ce partout en [&hellip;]<\/p>\n","protected":false},"author":1,"featured_media":0,"parent":0,"menu_order":0,"comment_status":"closed","ping_status":"closed","template":"","meta":{"_exactmetrics_skip_tracking":false,"_exactmetrics_sitenote_active":false,"_exactmetrics_sitenote_note":"","_exactmetrics_sitenote_category":0,"footnotes":""},"class_list":["post-6297","page","type-page","status-publish","hentry"],"_links":{"self":[{"href":"https:\/\/lafermeallantvert.fr\/index.php?rest_route=\/wp\/v2\/pages\/6297"}],"collection":[{"href":"https:\/\/lafermeallantvert.fr\/index.php?rest_route=\/wp\/v2\/pages"}],"about":[{"href":"https:\/\/lafermeallantvert.fr\/index.php?rest_route=\/wp\/v2\/types\/page"}],"author":[{"embeddable":true,"href":"https:\/\/lafermeallantvert.fr\/index.php?rest_route=\/wp\/v2\/users\/1"}],"replies":[{"embeddable":true,"href":"https:\/\/lafermeallantvert.fr\/index.php?rest_route=%2Fwp%2Fv2%2Fcomments&post=6297"}],"version-history":[{"count":39,"href":"https:\/\/lafermeallantvert.fr\/index.php?rest_route=\/wp\/v2\/pages\/6297\/revisions"}],"predecessor-version":[{"id":10716,"href":"https:\/\/lafermeallantvert.fr\/index.php?rest_route=\/wp\/v2\/pages\/6297\/revisions\/10716"}],"wp:attachment":[{"href":"https:\/\/lafermeallantvert.fr\/index.php?rest_route=%2Fwp%2Fv2%2Fmedia&parent=6297"}],"curies":[{"name":"wp","href":"https:\/\/api.w.org\/{rel}","templated":true}]}}