{"id":25562,"date":"2023-06-27T08:51:58","date_gmt":"2023-06-27T06:51:58","guid":{"rendered":"https:\/\/lafermeallantvert.fr\/?post_type=product&#038;p=25562"},"modified":"2025-05-07T22:38:56","modified_gmt":"2025-05-07T20:38:56","slug":"jambon-frais-entier-assaisonne","status":"publish","type":"product","link":"https:\/\/lafermeallantvert.fr\/?product=jambon-frais-entier-assaisonne","title":{"rendered":"Jambon frais entier assaisonn\u00e9"},"content":{"rendered":"<p>Jambon avec os entier poids environ 8 kg<\/p>\n<p>Assaisonnement bio pour cuisson \u00e0 la broche ( le jambon devra quand m\u00eame \u00eatre arros\u00e9 d&rsquo;une marinade pendant sa cuisson)<\/p>\n<p>nous consulter pour des poids inferieurs ou sup\u00e9rieurs<\/p>\n","protected":false},"excerpt":{"rendered":"<p>Jambon avec os entier poids environ 8 kg Assaisonnement bio pour cuisson \u00e0 la broche ( le jambon devra quand m\u00eame \u00eatre arros\u00e9 d&rsquo;une marinade pendant sa cuisson) nous consulter pour des poids inferieurs ou sup\u00e9rieurs<\/p>\n","protected":false},"featured_media":25560,"comment_status":"open","ping_status":"closed","template":"","meta":{"_exactmetrics_skip_tracking":false,"_exactmetrics_sitenote_active":false,"_exactmetrics_sitenote_note":"","_exactmetrics_sitenote_category":0},"product_cat":[87,86,27,77],"product_tag":[],"class_list":{"0":"post-25562","1":"product","2":"type-product","3":"status-publish","4":"has-post-thumbnail","6":"product_cat-amap-des-volcans","7":"product_cat-amap-romagnat","8":"product_cat-porc-bio","9":"product_cat-porc-viande-fraiche","11":"first","12":"instock","13":"taxable","14":"shipping-taxable","15":"purchasable","16":"product-type-simple"},"_links":{"self":[{"href":"https:\/\/lafermeallantvert.fr\/index.php?rest_route=\/wp\/v2\/product\/25562"}],"collection":[{"href":"https:\/\/lafermeallantvert.fr\/index.php?rest_route=\/wp\/v2\/product"}],"about":[{"href":"https:\/\/lafermeallantvert.fr\/index.php?rest_route=\/wp\/v2\/types\/product"}],"replies":[{"embeddable":true,"href":"https:\/\/lafermeallantvert.fr\/index.php?rest_route=%2Fwp%2Fv2%2Fcomments&post=25562"}],"version-history":[{"count":3,"href":"https:\/\/lafermeallantvert.fr\/index.php?rest_route=\/wp\/v2\/product\/25562\/revisions"}],"predecessor-version":[{"id":31350,"href":"https:\/\/lafermeallantvert.fr\/index.php?rest_route=\/wp\/v2\/product\/25562\/revisions\/31350"}],"wp:featuredmedia":[{"embeddable":true,"href":"https:\/\/lafermeallantvert.fr\/index.php?rest_route=\/wp\/v2\/media\/25560"}],"wp:attachment":[{"href":"https:\/\/lafermeallantvert.fr\/index.php?rest_route=%2Fwp%2Fv2%2Fmedia&parent=25562"}],"wp:term":[{"taxonomy":"product_cat","embeddable":true,"href":"https:\/\/lafermeallantvert.fr\/index.php?rest_route=%2Fwp%2Fv2%2Fproduct_cat&post=25562"},{"taxonomy":"product_tag","embeddable":true,"href":"https:\/\/lafermeallantvert.fr\/index.php?rest_route=%2Fwp%2Fv2%2Fproduct_tag&post=25562"}],"curies":[{"name":"wp","href":"https:\/\/api.w.org\/{rel}","templated":true}]}}