{"id":9521,"date":"2022-02-11T10:05:55","date_gmt":"2022-02-11T09:05:55","guid":{"rendered":"https:\/\/lafermeallantvert.fr\/?post_type=product&#038;p=9521"},"modified":"2024-02-15T12:51:21","modified_gmt":"2024-02-15T11:51:21","slug":"fromage-blanc-bio-4x125g","status":"publish","type":"product","link":"https:\/\/lafermeallantvert.fr\/?product=fromage-blanc-bio-4x125g","title":{"rendered":"Fromage blanc bio 4X125G"},"content":{"rendered":"<p><strong>Nos ingr\u00e9dients :<\/strong><br \/>\n&#8211;\u00a0Lait frais* de nos vaches non homog\u00e9n\u00e9is\u00e9<br \/>\n&#8211; Ferments lactiques,<br \/>\n&#8211;\u00a0Pr\u00e9sure<br \/>\n*ingr\u00e9dients issus de l&rsquo;Agriculture Biologique<\/p>\n<p><strong>Origine :\u00a0<\/strong>la ferme indiqu\u00e9e sur le pack<\/p>\n<p><img decoding=\"async\" class=\"alignnone size-full wp-image-9558\" src=\"https:\/\/lafermeallantvert.fr\/wp-content\/uploads\/2022\/02\/Sans-titre-25.png\" alt=\"\" width=\"226\" height=\"140\" \/><\/p>\n<p>&nbsp;<\/p>\n<p>&nbsp;<\/p>\n","protected":false},"excerpt":{"rendered":"<p>Yaourt Bio et Fermier nature de la ferme Batisse \u00e0 Vitrac dans le 63.<\/p>\n<p>Pour plus d&rsquo;informations sur leurs produits, rendez-vous sur le site web <a href=\"https:\/\/www.fermebatisse.fr\/\"><strong>https:\/\/www.fermebatisse.fr\/<\/strong><\/a><\/p>\n","protected":false},"featured_media":9586,"comment_status":"open","ping_status":"closed","template":"","meta":{"_exactmetrics_skip_tracking":false,"_exactmetrics_sitenote_active":false,"_exactmetrics_sitenote_note":"","_exactmetrics_sitenote_category":0},"product_cat":[98,99],"product_tag":[],"class_list":{"0":"post-9521","1":"product","2":"type-product","3":"status-publish","4":"has-post-thumbnail","6":"product_cat-produit-laitier","7":"product_cat-yaourt","9":"first","10":"instock","11":"taxable","12":"shipping-taxable","13":"purchasable","14":"product-type-simple"},"_links":{"self":[{"href":"https:\/\/lafermeallantvert.fr\/index.php?rest_route=\/wp\/v2\/product\/9521"}],"collection":[{"href":"https:\/\/lafermeallantvert.fr\/index.php?rest_route=\/wp\/v2\/product"}],"about":[{"href":"https:\/\/lafermeallantvert.fr\/index.php?rest_route=\/wp\/v2\/types\/product"}],"replies":[{"embeddable":true,"href":"https:\/\/lafermeallantvert.fr\/index.php?rest_route=%2Fwp%2Fv2%2Fcomments&post=9521"}],"version-history":[{"count":1,"href":"https:\/\/lafermeallantvert.fr\/index.php?rest_route=\/wp\/v2\/product\/9521\/revisions"}],"predecessor-version":[{"id":9559,"href":"https:\/\/lafermeallantvert.fr\/index.php?rest_route=\/wp\/v2\/product\/9521\/revisions\/9559"}],"wp:featuredmedia":[{"embeddable":true,"href":"https:\/\/lafermeallantvert.fr\/index.php?rest_route=\/wp\/v2\/media\/9586"}],"wp:attachment":[{"href":"https:\/\/lafermeallantvert.fr\/index.php?rest_route=%2Fwp%2Fv2%2Fmedia&parent=9521"}],"wp:term":[{"taxonomy":"product_cat","embeddable":true,"href":"https:\/\/lafermeallantvert.fr\/index.php?rest_route=%2Fwp%2Fv2%2Fproduct_cat&post=9521"},{"taxonomy":"product_tag","embeddable":true,"href":"https:\/\/lafermeallantvert.fr\/index.php?rest_route=%2Fwp%2Fv2%2Fproduct_tag&post=9521"}],"curies":[{"name":"wp","href":"https:\/\/api.w.org\/{rel}","templated":true}]}}